{"id":36882,"date":"2023-06-27T11:53:13","date_gmt":"2023-06-27T11:53:13","guid":{"rendered":"https:\/\/www.jovagro.pt\/?post_type=product&#038;p=36882"},"modified":"2025-04-22T11:21:48","modified_gmt":"2025-04-22T11:21:48","slug":"ferrex-jardim","status":"publish","type":"product","link":"https:\/\/mail.zapaf.pt\/en\/shop\/garden\/moluscicidas\/ferrex-jardim\/","title":{"rendered":"Ferrex\u00ae Jardim"},"content":{"rendered":"<style type=\"text\/css\"> \n#cmsms_row_69e2467e693c0 .cmsms_row_outer_parent { \n\tpadding-top: 0px; \n} \n\n#cmsms_row_69e2467e693c0 .cmsms_row_outer_parent { \n\tpadding-bottom: 50px; \n} \n\n<\/style><div id=\"cmsms_row_69e2467e693c0\" class=\"cmsms_row cmsms_color_scheme_default\">\n<div class=\"cmsms_row_outer_parent\">\n<div class=\"cmsms_row_outer\">\n<div class=\"cmsms_row_inner\">\n<div class=\"cmsms_row_margin\">\n<div class=\"cmsms_column one_first\">\n<div class=\"custom_html\">\n<table class=\"woocommerce-product-attributes shop_attributes\">\n<tbody>\n<tr class=\"woocommerce-product-attributes-item woocommerce-product-attributes-item--attribute_pa_aplicacao\">\n<th class=\"woocommerce-product-attributes-item__label\">Fosfato de ferro III<\/th>\n<td class=\"woocommerce-product-attributes-item__value\">25gr\/Kg<\/td>\n<\/tr>\n<\/tbody>\n<\/table>\n<\/div>\n<\/div>\n<div class=\"cmsms_column one_first\">\n<\/div>\n<\/div>\n<\/div>\n<\/div>\n<\/div>\n<\/div>","protected":false},"excerpt":{"rendered":"<div class=\"cmsms_text\"><span style=\"color: #808080;\">Ferrex<sup>\u00ae<\/sup> Jardim \u00e9 um moluscicida para o controlo de carac\u00f3is e lesmas em culturas ao ar livre e em estufa. \u00c9 um produto inovador, com subst\u00e2ncia ativa fosfato de ferro, sendo esta uma subst\u00e2ncia amiga do ambiente e animais selvagens, bem como dom\u00e9sticos. A sua forma de lentilha permite aos moluscos mais pequenos uma f\u00e1cil ingest\u00e3o, comparativamente ao formato dos produtos tradicionais. \u00c9 por isso um produto seguro e de r\u00e1pida efic\u00e1cia. M\u00e9todo de produ\u00e7\u00e3o patenteado que garante uma igual dispers\u00e3o de atrativo e subst\u00e2ncia ativa pela lentilha e por todas as lentilhas. Este processo de produ\u00e7\u00e3o garante tamb\u00e9m uma consist\u00eancia superior da lentilha, gerando menos desperd\u00edcio na embalagem (p\u00f3) ao mesmo tempo que melhora caracter\u00edsticas como uniformidade, maior resist\u00eancia \u00e0 humidade, etc.<\/span><\/div>\n<div class=\"cmsms_text\"><span style=\"color: #808080;\">Excelente estabilidade<\/span><br \/>\n<span style=\"color: #808080;\">Ferrex<sup>\u00ae<\/sup> Jardim demonstra uma excelente estabilidade mesmo em condi\u00e7\u00f5es de elevada humidade.<\/span><\/div>\n<div class=\"cmsms_text\"><span style=\"color: #808080;\">Ferrex<sup>\u00ae<\/sup> Jardim demonstra uma excelente uniformidade comparativamente \u00e0s outras pellets existentes no mercado.<\/span><\/div>\n<div class=\"cmsms_text\" style=\"position: absolute; bottom: 0;\">\n<h5><\/h5>\n<\/div>","protected":false},"featured_media":8089,"template":"","meta":{"_monsterinsights_skip_tracking":false,"_monsterinsights_sitenote_active":false,"_monsterinsights_sitenote_note":"","_monsterinsights_sitenote_category":0},"product_brand":[],"product_cat":[675],"product_tag":[],"class_list":{"0":"post-36882","1":"product","2":"type-product","3":"status-publish","4":"has-post-thumbnail","6":"product_cat-moluscicidas","8":"first","9":"instock","10":"taxable","11":"shipping-taxable","12":"purchasable","13":"product-type-variable"},"yoast_head":"<!-- This site is optimized with the Yoast SEO plugin v27.4 - https:\/\/yoast.com\/product\/yoast-seo-wordpress\/ -->\n<title>Ferrex\u00ae Jardim - Jovagro<\/title>\n<meta name=\"robots\" content=\"index, follow, max-snippet:-1, max-image-preview:large, max-video-preview:-1\" \/>\n<link rel=\"canonical\" href=\"https:\/\/manonunes.pt\/en\/shop\/garden\/moluscicidas\/ferrex-jardim\/\" \/>\n<meta property=\"og:locale\" content=\"en_GB\" \/>\n<meta property=\"og:type\" content=\"article\" \/>\n<meta property=\"og:title\" content=\"Ferrex\u00ae Jardim - Jovagro\" \/>\n<meta property=\"og:description\" content=\"Ferrex\u00ae Jardim \u00e9 um moluscicida para o controlo de carac\u00f3is e lesmas em culturas ao ar livre e em estufa. \u00c9 um produto inovador, com subst\u00e2ncia ativa fosfato de ferro, sendo esta uma subst\u00e2ncia amiga do ambiente e animais selvagens, bem como dom\u00e9sticos. A sua forma de lentilha permite aos moluscos mais pequenos uma f\u00e1cil ingest\u00e3o, comparativamente ao formato dos produtos tradicionais. \u00c9 por isso um produto seguro e de r\u00e1pida efic\u00e1cia. M\u00e9todo de produ\u00e7\u00e3o patenteado que garante uma igual dispers\u00e3o de atrativo e subst\u00e2ncia ativa pela lentilha e por todas as lentilhas. Este processo de produ\u00e7\u00e3o garante tamb\u00e9m uma consist\u00eancia superior da lentilha, gerando menos desperd\u00edcio na embalagem (p\u00f3) ao mesmo tempo que melhora caracter\u00edsticas como uniformidade, maior resist\u00eancia \u00e0 humidade, etc. Excelente estabilidade Ferrex\u00ae Jardim demonstra uma excelente estabilidade mesmo em condi\u00e7\u00f5es de elevada humidade. Ferrex\u00ae Jardim demonstra uma excelente uniformidade comparativamente \u00e0s outras pellets existentes no mercado.\" \/>\n<meta property=\"og:url\" content=\"https:\/\/manonunes.pt\/en\/shop\/garden\/moluscicidas\/ferrex-jardim\/\" \/>\n<meta property=\"og:site_name\" content=\"Jovagro\" \/>\n<meta property=\"article:publisher\" content=\"https:\/\/www.facebook.com\/Jovagro\/\" \/>\n<meta property=\"article:modified_time\" content=\"2025-04-22T11:21:48+00:00\" \/>\n<meta property=\"og:image\" content=\"https:\/\/manonunes.pt\/wp-content\/uploads\/2021\/10\/Ferrex-1.png\" \/>\n\t<meta property=\"og:image:width\" content=\"626\" \/>\n\t<meta property=\"og:image:height\" content=\"626\" \/>\n\t<meta property=\"og:image:type\" content=\"image\/png\" \/>\n<meta name=\"twitter:card\" content=\"summary_large_image\" \/>\n<meta name=\"twitter:label1\" content=\"Estimated reading time\" \/>\n\t<meta name=\"twitter:data1\" content=\"1 minute\" \/>\n<script type=\"application\/ld+json\" class=\"yoast-schema-graph\">{\"@context\":\"https:\\\/\\\/schema.org\",\"@graph\":[{\"@type\":\"WebPage\",\"@id\":\"https:\\\/\\\/manonunes.pt\\\/en\\\/shop\\\/garden\\\/moluscicidas\\\/ferrex-jardim\\\/\",\"url\":\"https:\\\/\\\/manonunes.pt\\\/en\\\/shop\\\/garden\\\/moluscicidas\\\/ferrex-jardim\\\/\",\"name\":\"Ferrex\u00ae Jardim - Jovagro\",\"isPartOf\":{\"@id\":\"https:\\\/\\\/www.jovagro.pt\\\/#website\"},\"primaryImageOfPage\":{\"@id\":\"https:\\\/\\\/manonunes.pt\\\/en\\\/shop\\\/garden\\\/moluscicidas\\\/ferrex-jardim\\\/#primaryimage\"},\"image\":{\"@id\":\"https:\\\/\\\/manonunes.pt\\\/en\\\/shop\\\/garden\\\/moluscicidas\\\/ferrex-jardim\\\/#primaryimage\"},\"thumbnailUrl\":\"https:\\\/\\\/mail.zapaf.pt\\\/wp-content\\\/uploads\\\/2021\\\/10\\\/Ferrex-1.png\",\"datePublished\":\"2023-06-27T11:53:13+00:00\",\"dateModified\":\"2025-04-22T11:21:48+00:00\",\"breadcrumb\":{\"@id\":\"https:\\\/\\\/manonunes.pt\\\/en\\\/shop\\\/garden\\\/moluscicidas\\\/ferrex-jardim\\\/#breadcrumb\"},\"inLanguage\":\"en-GB\",\"potentialAction\":[{\"@type\":\"ReadAction\",\"target\":[\"https:\\\/\\\/manonunes.pt\\\/en\\\/shop\\\/garden\\\/moluscicidas\\\/ferrex-jardim\\\/\"]}]},{\"@type\":\"ImageObject\",\"inLanguage\":\"en-GB\",\"@id\":\"https:\\\/\\\/manonunes.pt\\\/en\\\/shop\\\/garden\\\/moluscicidas\\\/ferrex-jardim\\\/#primaryimage\",\"url\":\"https:\\\/\\\/mail.zapaf.pt\\\/wp-content\\\/uploads\\\/2021\\\/10\\\/Ferrex-1.png\",\"contentUrl\":\"https:\\\/\\\/mail.zapaf.pt\\\/wp-content\\\/uploads\\\/2021\\\/10\\\/Ferrex-1.png\",\"width\":626,\"height\":626},{\"@type\":\"BreadcrumbList\",\"@id\":\"https:\\\/\\\/manonunes.pt\\\/en\\\/shop\\\/garden\\\/moluscicidas\\\/ferrex-jardim\\\/#breadcrumb\",\"itemListElement\":[{\"@type\":\"ListItem\",\"position\":1,\"name\":\"Home\",\"item\":\"https:\\\/\\\/www.jovagro.pt\\\/\"},{\"@type\":\"ListItem\",\"position\":2,\"name\":\"Loja\",\"item\":\"https:\\\/\\\/www.jovagro.pt\\\/loja\\\/\"},{\"@type\":\"ListItem\",\"position\":3,\"name\":\"Ferrex\u00ae Jardim\"}]},{\"@type\":\"WebSite\",\"@id\":\"https:\\\/\\\/www.jovagro.pt\\\/#website\",\"url\":\"https:\\\/\\\/www.jovagro.pt\\\/\",\"name\":\"Jovagro\",\"description\":\"Sempre com a Natureza\",\"publisher\":{\"@id\":\"https:\\\/\\\/www.jovagro.pt\\\/#organization\"},\"potentialAction\":[{\"@type\":\"SearchAction\",\"target\":{\"@type\":\"EntryPoint\",\"urlTemplate\":\"https:\\\/\\\/www.jovagro.pt\\\/?s={search_term_string}\"},\"query-input\":{\"@type\":\"PropertyValueSpecification\",\"valueRequired\":true,\"valueName\":\"search_term_string\"}}],\"inLanguage\":\"en-GB\"},{\"@type\":\"Organization\",\"@id\":\"https:\\\/\\\/www.jovagro.pt\\\/#organization\",\"name\":\"Jovagro\",\"url\":\"https:\\\/\\\/www.jovagro.pt\\\/\",\"logo\":{\"@type\":\"ImageObject\",\"inLanguage\":\"en-GB\",\"@id\":\"https:\\\/\\\/www.jovagro.pt\\\/#\\\/schema\\\/logo\\\/image\\\/\",\"url\":\"https:\\\/\\\/jovagro.pt\\\/wp-content\\\/uploads\\\/2019\\\/12\\\/7-01-01-scaled.jpg\",\"contentUrl\":\"https:\\\/\\\/jovagro.pt\\\/wp-content\\\/uploads\\\/2019\\\/12\\\/7-01-01-scaled.jpg\",\"width\":2560,\"height\":893,\"caption\":\"Jovagro\"},\"image\":{\"@id\":\"https:\\\/\\\/www.jovagro.pt\\\/#\\\/schema\\\/logo\\\/image\\\/\"},\"sameAs\":[\"https:\\\/\\\/www.facebook.com\\\/Jovagro\\\/\"]}]}<\/script>\n<!-- \/ Yoast SEO plugin. -->","yoast_head_json":{"title":"Ferrex\u00ae Jardim - Jovagro","robots":{"index":"index","follow":"follow","max-snippet":"max-snippet:-1","max-image-preview":"max-image-preview:large","max-video-preview":"max-video-preview:-1"},"canonical":"https:\/\/manonunes.pt\/en\/shop\/garden\/moluscicidas\/ferrex-jardim\/","og_locale":"en_GB","og_type":"article","og_title":"Ferrex\u00ae Jardim - Jovagro","og_description":"Ferrex\u00ae Jardim \u00e9 um moluscicida para o controlo de carac\u00f3is e lesmas em culturas ao ar livre e em estufa. \u00c9 um produto inovador, com subst\u00e2ncia ativa fosfato de ferro, sendo esta uma subst\u00e2ncia amiga do ambiente e animais selvagens, bem como dom\u00e9sticos. A sua forma de lentilha permite aos moluscos mais pequenos uma f\u00e1cil ingest\u00e3o, comparativamente ao formato dos produtos tradicionais. \u00c9 por isso um produto seguro e de r\u00e1pida efic\u00e1cia. M\u00e9todo de produ\u00e7\u00e3o patenteado que garante uma igual dispers\u00e3o de atrativo e subst\u00e2ncia ativa pela lentilha e por todas as lentilhas. Este processo de produ\u00e7\u00e3o garante tamb\u00e9m uma consist\u00eancia superior da lentilha, gerando menos desperd\u00edcio na embalagem (p\u00f3) ao mesmo tempo que melhora caracter\u00edsticas como uniformidade, maior resist\u00eancia \u00e0 humidade, etc. Excelente estabilidade Ferrex\u00ae Jardim demonstra uma excelente estabilidade mesmo em condi\u00e7\u00f5es de elevada humidade. Ferrex\u00ae Jardim demonstra uma excelente uniformidade comparativamente \u00e0s outras pellets existentes no mercado.","og_url":"https:\/\/manonunes.pt\/en\/shop\/garden\/moluscicidas\/ferrex-jardim\/","og_site_name":"Jovagro","article_publisher":"https:\/\/www.facebook.com\/Jovagro\/","article_modified_time":"2025-04-22T11:21:48+00:00","og_image":[{"width":626,"height":626,"url":"https:\/\/manonunes.pt\/wp-content\/uploads\/2021\/10\/Ferrex-1.png","type":"image\/png"}],"twitter_card":"summary_large_image","twitter_misc":{"Estimated reading time":"1 minute"},"schema":{"@context":"https:\/\/schema.org","@graph":[{"@type":"WebPage","@id":"https:\/\/manonunes.pt\/en\/shop\/garden\/moluscicidas\/ferrex-jardim\/","url":"https:\/\/manonunes.pt\/en\/shop\/garden\/moluscicidas\/ferrex-jardim\/","name":"Ferrex\u00ae Jardim - Jovagro","isPartOf":{"@id":"https:\/\/www.jovagro.pt\/#website"},"primaryImageOfPage":{"@id":"https:\/\/manonunes.pt\/en\/shop\/garden\/moluscicidas\/ferrex-jardim\/#primaryimage"},"image":{"@id":"https:\/\/manonunes.pt\/en\/shop\/garden\/moluscicidas\/ferrex-jardim\/#primaryimage"},"thumbnailUrl":"https:\/\/mail.zapaf.pt\/wp-content\/uploads\/2021\/10\/Ferrex-1.png","datePublished":"2023-06-27T11:53:13+00:00","dateModified":"2025-04-22T11:21:48+00:00","breadcrumb":{"@id":"https:\/\/manonunes.pt\/en\/shop\/garden\/moluscicidas\/ferrex-jardim\/#breadcrumb"},"inLanguage":"en-GB","potentialAction":[{"@type":"ReadAction","target":["https:\/\/manonunes.pt\/en\/shop\/garden\/moluscicidas\/ferrex-jardim\/"]}]},{"@type":"ImageObject","inLanguage":"en-GB","@id":"https:\/\/manonunes.pt\/en\/shop\/garden\/moluscicidas\/ferrex-jardim\/#primaryimage","url":"https:\/\/mail.zapaf.pt\/wp-content\/uploads\/2021\/10\/Ferrex-1.png","contentUrl":"https:\/\/mail.zapaf.pt\/wp-content\/uploads\/2021\/10\/Ferrex-1.png","width":626,"height":626},{"@type":"BreadcrumbList","@id":"https:\/\/manonunes.pt\/en\/shop\/garden\/moluscicidas\/ferrex-jardim\/#breadcrumb","itemListElement":[{"@type":"ListItem","position":1,"name":"Home","item":"https:\/\/www.jovagro.pt\/"},{"@type":"ListItem","position":2,"name":"Loja","item":"https:\/\/www.jovagro.pt\/loja\/"},{"@type":"ListItem","position":3,"name":"Ferrex\u00ae Jardim"}]},{"@type":"WebSite","@id":"https:\/\/www.jovagro.pt\/#website","url":"https:\/\/www.jovagro.pt\/","name":"Jovagro","description":"Sempre com a Natureza","publisher":{"@id":"https:\/\/www.jovagro.pt\/#organization"},"potentialAction":[{"@type":"SearchAction","target":{"@type":"EntryPoint","urlTemplate":"https:\/\/www.jovagro.pt\/?s={search_term_string}"},"query-input":{"@type":"PropertyValueSpecification","valueRequired":true,"valueName":"search_term_string"}}],"inLanguage":"en-GB"},{"@type":"Organization","@id":"https:\/\/www.jovagro.pt\/#organization","name":"Jovagro","url":"https:\/\/www.jovagro.pt\/","logo":{"@type":"ImageObject","inLanguage":"en-GB","@id":"https:\/\/www.jovagro.pt\/#\/schema\/logo\/image\/","url":"https:\/\/jovagro.pt\/wp-content\/uploads\/2019\/12\/7-01-01-scaled.jpg","contentUrl":"https:\/\/jovagro.pt\/wp-content\/uploads\/2019\/12\/7-01-01-scaled.jpg","width":2560,"height":893,"caption":"Jovagro"},"image":{"@id":"https:\/\/www.jovagro.pt\/#\/schema\/logo\/image\/"},"sameAs":["https:\/\/www.facebook.com\/Jovagro\/"]}]}},"_links":{"self":[{"href":"https:\/\/mail.zapaf.pt\/en\/wp-json\/wp\/v2\/product\/36882","targetHints":{"allow":["GET"]}}],"collection":[{"href":"https:\/\/mail.zapaf.pt\/en\/wp-json\/wp\/v2\/product"}],"about":[{"href":"https:\/\/mail.zapaf.pt\/en\/wp-json\/wp\/v2\/types\/product"}],"wp:featuredmedia":[{"embeddable":true,"href":"https:\/\/mail.zapaf.pt\/en\/wp-json\/wp\/v2\/media\/8089"}],"wp:attachment":[{"href":"https:\/\/mail.zapaf.pt\/en\/wp-json\/wp\/v2\/media?parent=36882"}],"wp:term":[{"taxonomy":"product_brand","embeddable":true,"href":"https:\/\/mail.zapaf.pt\/en\/wp-json\/wp\/v2\/product_brand?post=36882"},{"taxonomy":"product_cat","embeddable":true,"href":"https:\/\/mail.zapaf.pt\/en\/wp-json\/wp\/v2\/product_cat?post=36882"},{"taxonomy":"product_tag","embeddable":true,"href":"https:\/\/mail.zapaf.pt\/en\/wp-json\/wp\/v2\/product_tag?post=36882"}],"curies":[{"name":"wp","href":"https:\/\/api.w.org\/{rel}","templated":true}]}}